{"id":10809,"date":"2021-01-11T23:21:54","date_gmt":"2021-01-11T22:21:54","guid":{"rendered":"https:\/\/wortundklang.de\/?page_id=10809"},"modified":"2021-04-20T14:42:14","modified_gmt":"2021-04-20T12:42:14","slug":"textb","status":"publish","type":"page","link":"https:\/\/wortundklang.de\/?page_id=10809","title":{"rendered":"Text"},"content":{"rendered":"<div id=\"pl-10809\"  class=\"panel-layout\" ><div id=\"pg-10809-0\"  class=\"panel-grid panel-has-style\" ><div class=\"siteorigin-panels-stretch panel-row-style panel-row-style-for-10809-0\" data-stretch-type=\"full-stretched\" ><div id=\"pgc-10809-0-0\"  class=\"panel-grid-cell\" ><div id=\"panel-10809-0-0-0\" class=\"so-panel widget widget_sow-image panel-first-child panel-last-child\" data-index=\"0\" ><div class=\"so-widget-sow-image so-widget-sow-image-default-4b231843ec72\">\n\n<div class=\"sow-image-container\">\n\t<img loading=\"lazy\" decoding=\"async\" src=\"https:\/\/wortundklang.de\/wp-content\/uploads\/2021\/01\/fueller_230.jpg\" width=\"230\" height=\"240\" sizes=\"auto, (max-width: 230px) 100vw, 230px\" alt=\"\" \t\tclass=\"so-widget-image\"\/>\n<\/div>\n\n<\/div><\/div><\/div><div id=\"pgc-10809-0-1\"  class=\"panel-grid-cell\" ><div id=\"panel-10809-0-1-0\" class=\"so-panel widget widget_sow-editor panel-first-child\" data-index=\"1\" ><div class=\"panel-widget-style panel-widget-style-for-10809-0-1-0\" ><div class=\"so-widget-sow-editor so-widget-sow-editor-base\">\n<div class=\"siteorigin-widget-tinymce textwidget\">\n\t<\/div>\n<\/div><\/div><\/div><div id=\"panel-10809-0-1-1\" class=\"so-panel widget widget_sow-editor\" data-index=\"2\" ><div class=\"panel-widget-style panel-widget-style-for-10809-0-1-1\" ><div class=\"so-widget-sow-editor so-widget-sow-editor-base\">\n<div class=\"siteorigin-widget-tinymce textwidget\">\n\t<p><span style=\"font-size: 16pt; color: #6c8dac;\"><em>Die Kunst ist eine Vermittlerin des Unaussprechlichen; darum scheint es eine Torheit, sie wieder durch Worte vermitteln zu wollen. Doch indem wir uns darin bem\u00fchen, findet sich f\u00fcr den Verstand so mancher Gewinn.<\/em><\/span><\/p>\n<p><span style=\"color: #6c8dac;\">Johann Wolfgang von Goethe in \u201eMaximen und Reflexionen\u201c<\/span><\/p>\n<\/div>\n<\/div><\/div><\/div><div id=\"panel-10809-0-1-2\" class=\"so-panel widget widget_sow-editor panel-last-child\" data-index=\"3\" ><div class=\"panel-widget-style panel-widget-style-for-10809-0-1-2\" ><div class=\"so-widget-sow-editor so-widget-sow-editor-base\">\n<div class=\"siteorigin-widget-tinymce textwidget\">\n\t<div class=\"scroll\">\n<h4><span style=\"color: #fdbf1d;\">Horizonterweiterung<\/span><\/h4>\n<p>Goethe brachte auf den Punkt, warum es ein Gewinn ist, Texte \u00fcber Kunst zu schreiben und zu lesen: Gute Texte machen uns empf\u00e4nglich f\u00fcr neue Gedanken, erweitern den Horizont und befl\u00fcgeln die Fantasie. Das gilt nicht nur f\u00fcr den Bereich der Kunst, sondern f\u00fcr alle interessanten Themen und Inhalte.<\/p>\n<h4><span style=\"color: #fdbf1d;\">Appetitanreger<\/span><\/h4>\n<p>Gelungene Texte erleichtern den Zugang zu komplexen Inhalten, sie wecken Neugierde, machen Appetit und versorgen den Leser mit Informationen, damit Inhalte verst\u00e4ndlich werden und der Leser sich daran erfreuen kann.<\/p>\n<p>Mit diesem Anspruch verfasse ich Programmhefte, Biografien, Interviews, Pressetexte, Marketingtexte, Flyer, Brosch\u00fcren, Texte f\u00fcr Websites, f\u00fcr Kunden- und Fachmagazine.<\/p>\n<\/div>\n<p>&nbsp;<\/p>\n<p>{tooltip}<img loading=\"lazy\" decoding=\"async\" class=\"img-container size-full wp-image-11100\" src=\"https:\/\/wortundklang.de\/wp-content\/uploads\/2021\/03\/stimmgabel_full.png\" alt=\"\" width=\"33\" height=\"99\" \/>{end-texte} Der Ton macht die Musik: Das eingestrichene a\u2032, 440 Hertz, ist der Kammerton, auf den die Instrumente vor dem Musizieren eingestimmt werden \u2013 ein sch\u00f6nes Symbol f\u00fcr ein gelungenes Miteinander.{end-tooltip}<\/p>\n<\/div>\n<\/div><\/div><\/div><\/div><\/div><\/div><\/div>","protected":false},"excerpt":{"rendered":"<p>Die Kunst ist eine Vermittlerin des Unaussprechlichen; darum scheint es eine Torheit, sie wieder durch Worte vermitteln zu wollen. Doch indem wir uns darin bem\u00fchen, findet sich f\u00fcr den Verstand so mancher Gewinn. Johann Wolfgang von Goethe in \u201eMaximen und Reflexionen\u201c Horizonterweiterung Goethe brachte auf den Punkt, warum es ein Gewinn ist, Texte \u00fcber Kunst [&hellip;]<\/p>\n","protected":false},"author":1,"featured_media":0,"parent":0,"menu_order":0,"comment_status":"closed","ping_status":"closed","template":"fullwidth.php","meta":{"footnotes":""},"class_list":["post-10809","page","type-page","status-publish","hentry"],"_links":{"self":[{"href":"https:\/\/wortundklang.de\/index.php?rest_route=\/wp\/v2\/pages\/10809","targetHints":{"allow":["GET"]}}],"collection":[{"href":"https:\/\/wortundklang.de\/index.php?rest_route=\/wp\/v2\/pages"}],"about":[{"href":"https:\/\/wortundklang.de\/index.php?rest_route=\/wp\/v2\/types\/page"}],"author":[{"embeddable":true,"href":"https:\/\/wortundklang.de\/index.php?rest_route=\/wp\/v2\/users\/1"}],"replies":[{"embeddable":true,"href":"https:\/\/wortundklang.de\/index.php?rest_route=%2Fwp%2Fv2%2Fcomments&post=10809"}],"version-history":[{"count":2,"href":"https:\/\/wortundklang.de\/index.php?rest_route=\/wp\/v2\/pages\/10809\/revisions"}],"predecessor-version":[{"id":11393,"href":"https:\/\/wortundklang.de\/index.php?rest_route=\/wp\/v2\/pages\/10809\/revisions\/11393"}],"wp:attachment":[{"href":"https:\/\/wortundklang.de\/index.php?rest_route=%2Fwp%2Fv2%2Fmedia&parent=10809"}],"curies":[{"name":"wp","href":"https:\/\/api.w.org\/{rel}","templated":true}]}}