{"id":10800,"date":"2021-01-11T23:20:59","date_gmt":"2021-01-11T22:20:59","guid":{"rendered":"https:\/\/wortundklang.de\/?page_id=10800"},"modified":"2021-04-16T18:40:08","modified_gmt":"2021-04-16T16:40:08","slug":"profilb","status":"publish","type":"page","link":"https:\/\/wortundklang.de\/?page_id=10800","title":{"rendered":"Profil"},"content":{"rendered":"<div id=\"pl-10800\"  class=\"panel-layout\" ><div id=\"pg-10800-0\"  class=\"panel-grid panel-has-style\" ><div class=\"siteorigin-panels-stretch panel-row-style panel-row-style-for-10800-0\" data-stretch-type=\"full-stretched\" ><div id=\"pgc-10800-0-0\"  class=\"panel-grid-cell\" ><div id=\"panel-10800-0-0-0\" class=\"so-panel widget widget_sow-image panel-first-child panel-last-child\" data-index=\"0\" ><div class=\"so-widget-sow-image so-widget-sow-image-default-4b231843ec72\">\n\n<div class=\"sow-image-container\">\n\t<img loading=\"lazy\" decoding=\"async\" src=\"https:\/\/wortundklang.de\/wp-content\/uploads\/2021\/01\/dorle_treppe.jpg\" width=\"230\" height=\"240\" sizes=\"auto, (max-width: 230px) 100vw, 230px\" alt=\"\" \t\tclass=\"so-widget-image\"\/>\n<\/div>\n\n<\/div><\/div><\/div><div id=\"pgc-10800-0-1\"  class=\"panel-grid-cell\" ><div id=\"panel-10800-0-1-0\" class=\"so-panel widget widget_sow-editor panel-first-child\" data-index=\"1\" ><div class=\"panel-widget-style panel-widget-style-for-10800-0-1-0\" ><div class=\"so-widget-sow-editor so-widget-sow-editor-base\">\n<div class=\"siteorigin-widget-tinymce textwidget\">\n\t<\/div>\n<\/div><\/div><\/div><div id=\"panel-10800-0-1-1\" class=\"so-panel widget widget_sow-editor panel-last-child\" data-index=\"2\" ><div class=\"panel-widget-style panel-widget-style-for-10800-0-1-1\" ><div class=\"so-widget-sow-editor so-widget-sow-editor-base\">\n<div class=\"siteorigin-widget-tinymce textwidget\">\n\t<h4><span style=\"color: #fdbf1d;\">Mein Ziel<\/span><\/h4>\n<p>Die Arbeit am Wort ist meine Profession und meine Passion. Ob ich Texte schreibe, lektoriere oder von einer Sprache in eine andere Sprache \u00fcbersetze: Mein Ziel ist das Lesevergn\u00fcgen des Lesers.<\/p>\n<h4><span style=\"color: #fdbf1d;\">Mein Handwerkszeug<\/span><\/h4>\n<p>Ich studierte Germanistik, Kunstgeschichte, Musikwissenschaft \u2013 und zwischendurch auch zwei Semester Innenarchitektur. Meinen Abschluss machte ich als Diplom-\u00dcbersetzerin mit den Sprachen Franz\u00f6sisch und Englisch.<\/p>\n<h4><span style=\"color: #fdbf1d;\">Mein Werdegang<\/span><\/h4>\n<p>Nach meinem Studium arbeitete ich im k\u00fcnstlerischen Betriebsb\u00fcro des Ensembles Concerto K\u00f6ln und als Online-Beauftragte der Messe Berlin. Anschlie\u00dfend war ich als Produktmanagerin f\u00fcr Klassik-CDs bei Sony Classical sowie bei EMI Classics t\u00e4tig.<\/p>\n<h4><span style=\"color: #fdbf1d;\">Meine One-Woman-Show<\/span><\/h4>\n<p>Es war eine meiner besten Ideen, meine Firma WORT UND KLANG zu gr\u00fcnden, die ich mit viel Freude als One-Woman-Show betreibe.<\/p>\n<h4><span style=\"color: #fdbf1d;\">Meine Themen<\/span><\/h4>\n<p>Meine thematischen Schwerpunkte sind Musik, Kunst, Kultur, Architektur und Design, Filmkunst, Lebensmittel, Gesundheit und Lifestyle.<\/p>\n<h4><span style=\"color: #fdbf1d;\">Meine Motivation<\/span><\/h4>\n<p>Ich finde es reizvoll, jeden Tag in neue Themen und Sachverhalte einzutauchen. Besonders gern f\u00fchre ich Interviews und bringe sie in eine gut lesbare Form. Mich interessieren die Geschichten hinter den Texten und die Menschen hinter den Worten.<\/p>\n<h4><span style=\"color: #fdbf1d;\">Meine Inspiration<\/span><\/h4>\n<p>In meiner Freizeit widme ich mich meiner Geige und musiziere in unterschiedlichen Orchestern und Kammermusikformationen.<\/p>\n<\/div>\n<\/div><\/div><\/div><\/div><\/div><\/div><\/div>","protected":false},"excerpt":{"rendered":"<p>Mein Ziel Die Arbeit am Wort ist meine Profession und meine Passion. Ob ich Texte schreibe, lektoriere oder von einer Sprache in eine andere Sprache \u00fcbersetze: Mein Ziel ist das Lesevergn\u00fcgen des Lesers. Mein Handwerkszeug Ich studierte Germanistik, Kunstgeschichte, Musikwissenschaft \u2013 und zwischendurch auch zwei Semester Innenarchitektur. Meinen Abschluss machte ich als Diplom-\u00dcbersetzerin mit den [&hellip;]<\/p>\n","protected":false},"author":1,"featured_media":0,"parent":0,"menu_order":0,"comment_status":"closed","ping_status":"closed","template":"fullwidth.php","meta":{"footnotes":""},"class_list":["post-10800","page","type-page","status-publish","hentry"],"_links":{"self":[{"href":"https:\/\/wortundklang.de\/index.php?rest_route=\/wp\/v2\/pages\/10800","targetHints":{"allow":["GET"]}}],"collection":[{"href":"https:\/\/wortundklang.de\/index.php?rest_route=\/wp\/v2\/pages"}],"about":[{"href":"https:\/\/wortundklang.de\/index.php?rest_route=\/wp\/v2\/types\/page"}],"author":[{"embeddable":true,"href":"https:\/\/wortundklang.de\/index.php?rest_route=\/wp\/v2\/users\/1"}],"replies":[{"embeddable":true,"href":"https:\/\/wortundklang.de\/index.php?rest_route=%2Fwp%2Fv2%2Fcomments&post=10800"}],"version-history":[{"count":0,"href":"https:\/\/wortundklang.de\/index.php?rest_route=\/wp\/v2\/pages\/10800\/revisions"}],"wp:attachment":[{"href":"https:\/\/wortundklang.de\/index.php?rest_route=%2Fwp%2Fv2%2Fmedia&parent=10800"}],"curies":[{"name":"wp","href":"https:\/\/api.w.org\/{rel}","templated":true}]}}