{"id":10797,"date":"2021-01-11T23:20:35","date_gmt":"2021-01-11T22:20:35","guid":{"rendered":"https:\/\/wortundklang.de\/?page_id=10797"},"modified":"2021-04-18T16:29:26","modified_gmt":"2021-04-18T14:29:26","slug":"referenzenb","status":"publish","type":"page","link":"https:\/\/wortundklang.de\/?page_id=10797","title":{"rendered":"Referenzen"},"content":{"rendered":"<div id=\"pl-10797\"  class=\"panel-layout\" ><div id=\"pg-10797-0\"  class=\"panel-grid panel-has-style\" ><div class=\"siteorigin-panels-stretch panel-row-style panel-row-style-for-10797-0\" data-stretch-type=\"full-stretched\" ><div id=\"pgc-10797-0-0\"  class=\"panel-grid-cell\" ><div id=\"panel-10797-0-0-0\" class=\"so-panel widget widget_sow-image panel-first-child panel-last-child\" data-index=\"0\" ><div class=\"so-widget-sow-image so-widget-sow-image-default-4b231843ec72\">\n\n<div class=\"sow-image-container\">\n\t<img loading=\"lazy\" decoding=\"async\" src=\"https:\/\/wortundklang.de\/wp-content\/uploads\/2021\/04\/dorle41804.jpg\" width=\"1024\" height=\"1024\" srcset=\"https:\/\/wortundklang.de\/wp-content\/uploads\/2021\/04\/dorle41804.jpg 1024w, https:\/\/wortundklang.de\/wp-content\/uploads\/2021\/04\/dorle41804-300x300.jpg 300w, https:\/\/wortundklang.de\/wp-content\/uploads\/2021\/04\/dorle41804-150x150.jpg 150w, https:\/\/wortundklang.de\/wp-content\/uploads\/2021\/04\/dorle41804-768x768.jpg 768w\" sizes=\"auto, (max-width: 1024px) 100vw, 1024px\" alt=\"\" \t\tclass=\"so-widget-image\"\/>\n<\/div>\n\n<\/div><\/div><\/div><div id=\"pgc-10797-0-1\"  class=\"panel-grid-cell\" ><div id=\"panel-10797-0-1-0\" class=\"so-panel widget widget_sow-editor panel-first-child\" data-index=\"1\" ><div class=\"panel-widget-style panel-widget-style-for-10797-0-1-0\" ><div class=\"so-widget-sow-editor so-widget-sow-editor-base\">\n<div class=\"siteorigin-widget-tinymce textwidget\">\n\t<\/div>\n<\/div><\/div><\/div><div id=\"panel-10797-0-1-1\" class=\"so-panel widget widget_sow-editor panel-last-child\" data-index=\"2\" ><div class=\"panel-widget-style panel-widget-style-for-10797-0-1-1\" ><div class=\"so-widget-sow-editor so-widget-sow-editor-base\">\n<div class=\"siteorigin-widget-tinymce textwidget\">\n\t<p><em>\u201eDanke f\u00fcr den Text, sehr lebendig, wie immer!\u201c<\/em><br \/>\n<span style=\"color: #6c8dac;\">Gesa K\u00f6hne, \u00d6ffentlichkeitsarbeit K\u00f6lnMusik GmbH\/K\u00f6lner Philharmonie<\/span><\/p>\n<p><em>\u201eTausend Dank f\u00fcr das schnelle und gute Lektorat!!!\u201c<\/em><br \/>\n<span style=\"color: #6c8dac;\">Antje Pankow, Publicity Manager Universal Pictures International Germany GmbH<\/span><\/p>\n<p><em>\u201ePrima! An Ihren Texten muss ich nichts mehr gro\u00df umdichten; das ist sehr angenehm und zeitsparend \u2026\u201c<\/em><br \/>\n<span style=\"color: #6c8dac;\">Michael Mans, Kommunikation, Marketing &amp; Vertrieb Klavier-Festival Ruhr<\/span><\/p>\n<p><em>\u201eVielen lieben Dank f\u00fcr Ihr zuverl\u00e4ssiges und tolles Lektorat.\u201c<\/em><br \/>\n<span style=\"color: #6c8dac;\">Sabrina Hampel, M\u00e4ckler Architekten<\/span><\/p>\n<p><em>\u201eSuper! Vielen Dank f\u00fcr die megaschnelle Umsetzung :-)\u201c<\/em><br \/>\n<span style=\"color: #6c8dac;\">Aylin Reckermann, Studio Aylin Reckermann, Creative Director<\/span><\/p>\n<p><em>\u201eIch danke Ihnen vielmals f\u00fcr die tollen Texte!\u201c<\/em><br \/>\n<span style=\"color: #6c8dac;\">Alexander Gilman, P\u00e4dagoge und k\u00fcnstlerischer Leiter der LGT Young Soloists<\/span><\/p>\n<p><em>\u201eVielen herzlichen Dank f\u00fcr die supergute Zusammenarbeit!\u201c<\/em><br \/>\n<span style=\"color: #6c8dac;\">Andrea Rehnert, Teamleitung Text\/Redaktion tegut\u2026 Marktplatz<\/span><\/p>\n<p><em>\u201eMerci infiniment pour votre rapidit\u00e9 ! :)\u201c<\/em><br \/>\n<span style=\"color: #6c8dac;\">Marianne Jugan, coordinatrice \u00e9ditoriale Palazzetto Bru Zane \u2013 Centre de musique romantique fran\u00e7aise, Venedig<\/span><\/p>\n<p><em>\u201eVielen Dank f\u00fcr die wunderbaren \u00dcbersetzungen!\u201c<\/em><br \/>\n<span style=\"color: #6c8dac;\">Dr. Doris Sennefelder, Programmheftredaktion\/Musikpublikationen M\u00fcnchner Rundfunkorchester<\/span><\/p>\n<p><em>\u201eIch danke f\u00fcr die unkomplizierte, zuverl\u00e4ssige und qualit\u00e4tvolle Zusammenarbeit.\u201c<\/em><br \/>\n<span style=\"color: #6c8dac;\">Franz Scheder, erster Vorsitzender des Privatmusikvereins e.V. N\u00fcrnberg<\/span><\/p>\n<p><em>\u201eEs hat wieder viel Spa\u00df gemacht, mit Ihnen zu arbeiten und ich hoffe, ich darf mich wieder melden.\u201c<\/em><br \/>\n<span style=\"color: #6c8dac;\">Ariane Zappe, Heilpraktikerin, Leiterin des SophiaHealth Instituts Kaufbeuren und Autorin<\/span><\/p>\n<\/div>\n<\/div><\/div><\/div><\/div><\/div><\/div><\/div>","protected":false},"excerpt":{"rendered":"<p>\u201eDanke f\u00fcr den Text, sehr lebendig, wie immer!\u201c Gesa K\u00f6hne, \u00d6ffentlichkeitsarbeit K\u00f6lnMusik GmbH\/K\u00f6lner Philharmonie \u201eTausend Dank f\u00fcr das schnelle und gute Lektorat!!!\u201c Antje Pankow, Publicity Manager Universal Pictures International Germany GmbH \u201ePrima! An Ihren Texten muss ich nichts mehr gro\u00df umdichten; das ist sehr angenehm und zeitsparend \u2026\u201c Michael Mans, Kommunikation, Marketing &amp; Vertrieb Klavier-Festival [&hellip;]<\/p>\n","protected":false},"author":1,"featured_media":0,"parent":0,"menu_order":0,"comment_status":"closed","ping_status":"closed","template":"fullwidth.php","meta":{"footnotes":""},"class_list":["post-10797","page","type-page","status-publish","hentry"],"_links":{"self":[{"href":"https:\/\/wortundklang.de\/index.php?rest_route=\/wp\/v2\/pages\/10797","targetHints":{"allow":["GET"]}}],"collection":[{"href":"https:\/\/wortundklang.de\/index.php?rest_route=\/wp\/v2\/pages"}],"about":[{"href":"https:\/\/wortundklang.de\/index.php?rest_route=\/wp\/v2\/types\/page"}],"author":[{"embeddable":true,"href":"https:\/\/wortundklang.de\/index.php?rest_route=\/wp\/v2\/users\/1"}],"replies":[{"embeddable":true,"href":"https:\/\/wortundklang.de\/index.php?rest_route=%2Fwp%2Fv2%2Fcomments&post=10797"}],"version-history":[{"count":0,"href":"https:\/\/wortundklang.de\/index.php?rest_route=\/wp\/v2\/pages\/10797\/revisions"}],"wp:attachment":[{"href":"https:\/\/wortundklang.de\/index.php?rest_route=%2Fwp%2Fv2%2Fmedia&parent=10797"}],"curies":[{"name":"wp","href":"https:\/\/api.w.org\/{rel}","templated":true}]}}